{"id":35,"date":"2025-03-12T17:15:28","date_gmt":"2025-03-12T16:15:28","guid":{"rendered":"http:\/\/cyclo.avelomalo.fr\/?page_id=35"},"modified":"2025-12-15T19:52:15","modified_gmt":"2025-12-15T18:52:15","slug":"cr-reunion-du-bureau-de-la-section-cyclo-decouvertes","status":"publish","type":"page","link":"https:\/\/cyclo.avelomalo.fr\/index.php\/cr-reunion-du-bureau-de-la-section-cyclo-decouvertes\/","title":{"rendered":"Documents administratifs &#8211; 2026"},"content":{"rendered":"\n<div class=\"wp-block-buttons is-layout-flex wp-block-buttons-is-layout-flex\"><\/div>\n\n\n\n<div class=\"wp-block-file\"><object class=\"wp-block-file__embed\" data=\"https:\/\/cyclo.avelomalo.fr\/wp-content\/uploads\/2025\/04\/RI-CYCLO-DECOUVERTES-10-MARS-2024-1-1.pdf\" type=\"application\/pdf\" style=\"width:100%;height:600px\" aria-label=\"R\u00e8glement int\u00e9rieur 2026 Cyclo-D\u00e9couvertes\"><\/object><a id=\"wp-block-file--media-9eb45d3f-3205-442f-811a-624179bf44d2\" href=\"https:\/\/cyclo.avelomalo.fr\/wp-content\/uploads\/2025\/04\/RI-CYCLO-DECOUVERTES-10-MARS-2024-1-1.pdf\">R\u00e9glement int\u00e9rieur 2026 Cyclo-D\u00e9couvertes<\/a><\/div>\n\n\n\n<div class=\"wp-block-file\"><object class=\"wp-block-file__embed\" data=\"https:\/\/cyclo.avelomalo.fr\/wp-content\/uploads\/2025\/12\/Questionnaire-sante-2026-Cyclo-Decouvertes.pdf\" type=\"application\/pdf\" style=\"width:100%;height:600px\" aria-label=\"Questionnaire sante 2026 Cyclo-D\u00e9couvertes\"><\/object><a id=\"wp-block-file--media-8086416c-1a40-472e-8ad0-3d245a06e3e6\" href=\"https:\/\/cyclo.avelomalo.fr\/wp-content\/uploads\/2025\/12\/Questionnaire-sante-2026-Cyclo-Decouvertes.pdf\">Questionnaire sante 2026 Cyclo-D\u00e9couvertes<\/a><\/div>\n\n\n\n<div class=\"wp-block-file\"><object class=\"wp-block-file__embed\" data=\"https:\/\/cyclo.avelomalo.fr\/wp-content\/uploads\/2025\/12\/Attestation-reponse-2026-Cyclo-Decouvertes.pdf\" type=\"application\/pdf\" style=\"width:100%;height:600px\" aria-label=\"Attestation reponse 2026 Cyclo-D\u00e9couvertes\"><\/object><a id=\"wp-block-file--media-97d7284b-e81a-4e4b-bdc4-c1bd030886d1\" href=\"https:\/\/cyclo.avelomalo.fr\/wp-content\/uploads\/2025\/12\/Attestation-reponse-2026-Cyclo-Decouvertes.pdf\">Attestation reponse 2026 Cyclo-D\u00e9couvertes<\/a><\/div>\n","protected":false},"excerpt":{"rendered":"<p>R\u00e9glement int\u00e9rieur 2026 Cyclo-D\u00e9couvertes Questionnaire sante 2026 Cyclo-D\u00e9couvertes Attestation reponse 2026 Cyclo-D\u00e9couvertes<\/p>\n","protected":false},"author":2,"featured_media":0,"parent":0,"menu_order":0,"comment_status":"closed","ping_status":"closed","template":"","meta":{"footnotes":""},"class_list":["post-35","page","type-page","status-publish","hentry"],"_links":{"self":[{"href":"https:\/\/cyclo.avelomalo.fr\/index.php\/wp-json\/wp\/v2\/pages\/35","targetHints":{"allow":["GET"]}}],"collection":[{"href":"https:\/\/cyclo.avelomalo.fr\/index.php\/wp-json\/wp\/v2\/pages"}],"about":[{"href":"https:\/\/cyclo.avelomalo.fr\/index.php\/wp-json\/wp\/v2\/types\/page"}],"author":[{"embeddable":true,"href":"https:\/\/cyclo.avelomalo.fr\/index.php\/wp-json\/wp\/v2\/users\/2"}],"replies":[{"embeddable":true,"href":"https:\/\/cyclo.avelomalo.fr\/index.php\/wp-json\/wp\/v2\/comments?post=35"}],"version-history":[{"count":19,"href":"https:\/\/cyclo.avelomalo.fr\/index.php\/wp-json\/wp\/v2\/pages\/35\/revisions"}],"predecessor-version":[{"id":270,"href":"https:\/\/cyclo.avelomalo.fr\/index.php\/wp-json\/wp\/v2\/pages\/35\/revisions\/270"}],"wp:attachment":[{"href":"https:\/\/cyclo.avelomalo.fr\/index.php\/wp-json\/wp\/v2\/media?parent=35"}],"curies":[{"name":"wp","href":"https:\/\/api.w.org\/{rel}","templated":true}]}}