{"id":2,"date":"2025-03-11T11:39:46","date_gmt":"2025-03-11T10:39:46","guid":{"rendered":"http:\/\/cyclo.avelomalo.fr\/?page_id=2"},"modified":"2026-02-25T18:44:59","modified_gmt":"2026-02-25T17:44:59","slug":"page-d-exemple","status":"publish","type":"page","link":"https:\/\/cyclo.avelomalo.fr\/","title":{"rendered":"Pr\u00e9sentation de           Cyclo-D\u00e9couvertes"},"content":{"rendered":"\n<p><\/p>\n\n\n\n<p>Cyclo-D\u00e9couvertes est une section de l\u2019<strong><a href=\"https:\/\/avelomalo.fr\/\" data-type=\"link\" data-id=\"https:\/\/avelomalo.fr\/\">Association A V\u00e9lo Malo<\/a><\/strong>.<\/p>\n\n\n\n<p><\/p>\n\n\n\n<p>Cette section propose des <strong>sorties \u00e0 v\u00e9lo sur le territoire du pays de St Malo<\/strong>. <\/p>\n\n\n\n<p>A tour de r\u00f4le, les membres proposent des itin\u00e9raires d&rsquo;une 1\/2 journ\u00e9e ou d&rsquo;une journ\u00e9e qui permettent de <strong>d\u00e9couvrir un site digne d\u2019int\u00e9r\u00eat ou de rencontrer des particuliers anim\u00e9s par un projet int\u00e9ressant.<\/strong> Ces sorties sont toujours l\u2019occasion d\u2019\u00e9changes enrichissants.<br><br>C\u2019est le principe \u00ab\u00a0<strong>co-organiser pour participer<\/strong>\u00a0\u00bb qui guide le mode de fonctionnement de la section.<\/p>\n\n\n\n<p>Selon les ann\u00e9es, une sortie sur une semaine offre l\u2019<strong>occasion de quitter le territoire malouin et de d\u00e9couvrir une autre r\u00e9gion proche (ou plus lointaine)<\/strong>. Ainsi en 2025, une semaine a \u00e9t\u00e9 organis\u00e9e pour d\u00e9couvrir \u00ab\u00a0 le petit tour de Manche\u00a0\u00e0 v\u00e9lo \u00bb cot\u00e9 anglais et une semaine a \u00e9galement \u00e9t\u00e9 organis\u00e9e pour rejoindre le grand itin\u00e9raire v\u00e9lo EuroV\u00e9lo10 qui longe la c\u00f4te\u00a0balte et d\u00e9couvrir Berlin \u00e0 v\u00e9lo.<\/p>\n\n\n\n<p>En fin d\u2019ann\u00e9e, un <strong><a href=\"http:\/\/cyclo.avelomalo.fr\/index.php\/planning-cyclo-decouvertes\/\" data-type=\"link\" data-id=\"http:\/\/cyclo.avelomalo.fr\/index.php\/planning-cyclo-decouvertes\/\">planning pr\u00e9visionnel<\/a><\/strong> est \u00e9tabli pour l\u2019ann\u00e9e suivante. Ce planning s\u2019ajuste progressivement, en fonction des contraintes du moment.<\/p>\n\n\n\n<p><\/p>\n","protected":false},"excerpt":{"rendered":"<p>Cyclo-D\u00e9couvertes est une section de l\u2019Association A V\u00e9lo Malo. Cette section propose des sorties \u00e0 v\u00e9lo sur le territoire du pays de St Malo. A tour de r\u00f4le, les membres proposent des itin\u00e9raires d&rsquo;une 1\/2 journ\u00e9e ou d&rsquo;une journ\u00e9e qui permettent de d\u00e9couvrir un site digne d\u2019int\u00e9r\u00eat ou de rencontrer des particuliers anim\u00e9s par un [&hellip;]<\/p>\n","protected":false},"author":2,"featured_media":0,"parent":0,"menu_order":0,"comment_status":"closed","ping_status":"open","template":"","meta":{"footnotes":""},"class_list":["post-2","page","type-page","status-publish","hentry"],"_links":{"self":[{"href":"https:\/\/cyclo.avelomalo.fr\/index.php\/wp-json\/wp\/v2\/pages\/2","targetHints":{"allow":["GET"]}}],"collection":[{"href":"https:\/\/cyclo.avelomalo.fr\/index.php\/wp-json\/wp\/v2\/pages"}],"about":[{"href":"https:\/\/cyclo.avelomalo.fr\/index.php\/wp-json\/wp\/v2\/types\/page"}],"author":[{"embeddable":true,"href":"https:\/\/cyclo.avelomalo.fr\/index.php\/wp-json\/wp\/v2\/users\/2"}],"replies":[{"embeddable":true,"href":"https:\/\/cyclo.avelomalo.fr\/index.php\/wp-json\/wp\/v2\/comments?post=2"}],"version-history":[{"count":13,"href":"https:\/\/cyclo.avelomalo.fr\/index.php\/wp-json\/wp\/v2\/pages\/2\/revisions"}],"predecessor-version":[{"id":278,"href":"https:\/\/cyclo.avelomalo.fr\/index.php\/wp-json\/wp\/v2\/pages\/2\/revisions\/278"}],"wp:attachment":[{"href":"https:\/\/cyclo.avelomalo.fr\/index.php\/wp-json\/wp\/v2\/media?parent=2"}],"curies":[{"name":"wp","href":"https:\/\/api.w.org\/{rel}","templated":true}]}}