{"id":108,"date":"2025-05-02T08:47:11","date_gmt":"2025-05-02T06:47:11","guid":{"rendered":"https:\/\/cyclo.avelomalo.fr\/?page_id=108"},"modified":"2025-12-12T18:52:46","modified_gmt":"2025-12-12T17:52:46","slug":"bulletin-adhesion","status":"publish","type":"page","link":"https:\/\/cyclo.avelomalo.fr\/index.php\/bulletin-adhesion\/","title":{"rendered":"Bulletin d&rsquo;Adh\u00e9sion 2026"},"content":{"rendered":"\n<ul class=\"wp-block-list\">\n<li>Remplir en ligne le formulaire en cliquant sur le bouton bleu. Une fois rempli, cliquer sur le bouton \u00ab\u00a0soumettre\u00a0\u00bb. Vous recevrez dans votre boite mail une notification confirmant la bonne soumission. Le Bureau de Cyclo-D\u00e9couvertes recevra \u00e9galement votre demande d&rsquo;adh\u00e9sion.<\/li>\n<\/ul>\n\n\n\n<div class=\"wp-block-buttons is-layout-flex wp-block-buttons-is-layout-flex\">\n<div class=\"wp-block-button\"><a class=\"wp-block-button__link has-vivid-cyan-blue-to-vivid-purple-gradient-background has-background wp-element-button\" href=\"https:\/\/framaforms.org\/adhesion-cyclo-decouvertes-2026-1764259929\">cliquer pour adh\u00e9rer en ligne \u00e0 Cyclo-D\u00e9couvertes <\/a><\/div>\n<\/div>\n\n\n\n<p>ou bien <\/p>\n\n\n\n<ul class=\"wp-block-list\">\n<li>T\u00e9l\u00e9charger le fichier Word sur votre ordinateur en cliquant sur le bouton vert; puis le modifier en le remplissant sur votre ordinateur et l&rsquo;adresser par mail \u00e0 cyclo-decouvertes@orange.fr ou le remettre en main propre lors de votre premi\u00e8re sortie.<\/li>\n<\/ul>\n\n\n\n<div class=\"wp-block-buttons is-layout-flex wp-block-buttons-is-layout-flex\">\n<div class=\"wp-block-button\"><a class=\"wp-block-button__link has-light-green-cyan-to-vivid-green-cyan-gradient-background has-background wp-element-button\" href=\"http:\/\/cyclo.avelomalo.fr\/wp-content\/uploads\/2025\/12\/Bulletin-adhesion-2026.odt\">Cliquer pour t\u00e9l\u00e9charger le formulaire version Word modifiable<\/a><\/div>\n<\/div>\n\n\n\n<p>ou bien<\/p>\n\n\n\n<ul class=\"wp-block-list\">\n<li>T\u00e9l\u00e9charger le fichier pdf sur votre ordinateur en cliquant sur le bouton rouge, puis l&rsquo;imprimer, le remplir et l&rsquo;adresser par mail \u00e0 cyclo-decouvertes@orange.fr ou le remettre en main propre lors de votre premi\u00e8re sortie.<\/li>\n<\/ul>\n\n\n\n<div class=\"wp-block-file\"><object class=\"wp-block-file__embed\" data=\"https:\/\/cyclo.avelomalo.fr\/wp-content\/uploads\/2025\/12\/Bulletin-adhesion-2026.pdf\" type=\"application\/pdf\" style=\"width:100%;height:600px\" aria-label=\"CR Semaine du 01 au 07-06-2024 Cherbourg\"> <\/object><a id=\"wp-block-file--media-bb6bbe36-3479-4cb8-80fe-f33c1b2f0e8d\" href=\"http:\/\/cyclo.avelomalo.fr\/wp-content\/uploads\/2025\/12\/Bulletin-adhesion-2026.pdf\">Bulletin adhesion 2026 Cyclo-D\u00e9couvertes<\/a><\/div>\n\n\n\n<p><\/p>\n\n\n\n<p><\/p>\n","protected":false},"excerpt":{"rendered":"<p>ou bien ou bien Bulletin adhesion 2026 Cyclo-D\u00e9couvertes<\/p>\n","protected":false},"author":2,"featured_media":0,"parent":0,"menu_order":0,"comment_status":"closed","ping_status":"closed","template":"","meta":{"footnotes":""},"class_list":["post-108","page","type-page","status-publish","hentry"],"_links":{"self":[{"href":"https:\/\/cyclo.avelomalo.fr\/index.php\/wp-json\/wp\/v2\/pages\/108","targetHints":{"allow":["GET"]}}],"collection":[{"href":"https:\/\/cyclo.avelomalo.fr\/index.php\/wp-json\/wp\/v2\/pages"}],"about":[{"href":"https:\/\/cyclo.avelomalo.fr\/index.php\/wp-json\/wp\/v2\/types\/page"}],"author":[{"embeddable":true,"href":"https:\/\/cyclo.avelomalo.fr\/index.php\/wp-json\/wp\/v2\/users\/2"}],"replies":[{"embeddable":true,"href":"https:\/\/cyclo.avelomalo.fr\/index.php\/wp-json\/wp\/v2\/comments?post=108"}],"version-history":[{"count":57,"href":"https:\/\/cyclo.avelomalo.fr\/index.php\/wp-json\/wp\/v2\/pages\/108\/revisions"}],"predecessor-version":[{"id":249,"href":"https:\/\/cyclo.avelomalo.fr\/index.php\/wp-json\/wp\/v2\/pages\/108\/revisions\/249"}],"wp:attachment":[{"href":"https:\/\/cyclo.avelomalo.fr\/index.php\/wp-json\/wp\/v2\/media?parent=108"}],"curies":[{"name":"wp","href":"https:\/\/api.w.org\/{rel}","templated":true}]}}